{"id":142,"date":"2016-02-08T18:00:20","date_gmt":"2016-02-08T17:00:20","guid":{"rendered":"http:\/\/www.goldbar.cz\/?page_id=142"},"modified":"2020-11-16T08:41:02","modified_gmt":"2020-11-16T07:41:02","slug":"danova-evidence","status":"publish","type":"page","link":"https:\/\/www.goldbar.cz\/?page_id=142","title":{"rendered":"DA\u0147OV\u00c1 EVIDENCE"},"content":{"rendered":"<hr \/>\n<p>Spole\u010dnost Gold Bar s.r.o. nab\u00edz\u00ed extern\u00ed kompletn\u00ed zaji\u0161t\u011bn\u00ed <span style=\"color: #ff6600;\"><strong>da\u0148ov\u00e9 evidence<\/strong><\/span>, v z\u00e1konem stanoven\u00e9ho rozsahu, v\u010detn\u011b kompletn\u00ed mzdov\u00e9 agendy, ro\u010dn\u00ed z\u00e1v\u011brky a uz\u00e1v\u011brky a zpracov\u00e1n\u00ed v\u0161ech druh\u016f da\u0148ov\u00fdch p\u0159izn\u00e1n\u00ed.<\/p>\n<p>V p\u0159\u00edpad\u011b Va\u0161eho z\u00e1jmu V\u00e1s r\u00e1di nav\u0161t\u00edv\u00edme a navrhneme nejlep\u0161\u00ed mo\u017en\u00e9 \u0159e\u0161en\u00ed nejen pro samotnou da\u0148ovou evidenci, ale z\u00e1rove\u0148 pro celkov\u00e9 zefektivn\u011bn\u00ed Va\u0161\u00ed ekonomick\u00e9 agendy.<\/p>\n<p>\u0158\u00e1dn\u00e9 veden\u00ed p\u0159edepsan\u00e9 evidence \u00fa\u010detn\u00edch a da\u0148ov\u00fdch doklad\u016f je ned\u00edlnou sou\u010d\u00e1st\u00ed na\u0161\u00ed ka\u017edodenn\u00ed podnikatelsk\u00e9 praxe, a proto pokud se nechcete zat\u011b\u017eovat sledov\u00e1n\u00edm cel\u00e9 \u0159ady neust\u00e1le se m\u011bn\u00edc\u00edch pr\u00e1vn\u00edch p\u0159edpis\u016f, tak je pro V\u00e1s outsourcing t\u011bchto slu\u017eeb tou spr\u00e1vnou volbou.<\/p>\n<p>Da\u0148ov\u00e1 evidence je ur\u010dena mimo jin\u00e9 pro <span style=\"color: #ff6600;\"><strong>OSV\u010c<\/strong><\/span> nezapsan\u00e9 v obchodn\u00edm rejst\u0159\u00edku, <span style=\"color: #ff6600;\"><strong>spolky a SVJ<\/strong><\/span>.<\/p>\n<p>Nab\u00edz\u00edme zpracov\u00e1n\u00ed:<\/p>\n<table>\n<tbody>\n<tr>\n<td width=\"50%\"><span style=\"color: #ff6600;\"><b>DA\u0147OV\u00c1 EVIDENCE (d\u0159\u00edve jednoduch\u00e9 \u00fa\u010detnictv\u00ed)<\/b><\/span><\/p>\n<ul>\n<li>zpracov\u00e1n\u00ed p\u0159edan\u00fdch \u00fa\u010detn\u00edch doklad\u016f<\/li>\n<li>veden\u00ed v\u0161ech z\u00e1konem stanoven\u00fdch knih a evidenc\u00ed<\/li>\n<li>vyhotoven\u00ed p\u0159ehled\u016f dle pot\u0159eb klienta<\/li>\n<li>zpracov\u00e1n\u00ed da\u0148ov\u00e9ho p\u0159izn\u00e1n\u00ed k DPH v\u010detn\u011b souhrnn\u00fdch hl\u00e1\u0161en\u00ed<\/li>\n<li>zpracov\u00e1n\u00ed ostatn\u00edch dan\u00ed (da\u0148 z p\u0159\u00edjm\u016f, da\u0148 silni\u010dn\u00ed, da\u0148 darovac\u00ed aj.)<\/li>\n<li>\u00fa\u010detn\u00ed poradenstv\u00ed, p\u0159\u00edprava podklad\u016f ke kontrole<\/li>\n<li>zastupov\u00e1n\u00ed na \u00fa\u0159adech<\/li>\n<li>p\u0159ed\u00e1v\u00e1n\u00ed doklad\u016f v s\u00eddle Va\u0161\u00ed spole\u010dnosti pop\u0159. dle vz\u00e1jemn\u00e9 domluvy<\/li>\n<\/ul>\n<\/td>\n<td><span style=\"color: #ff6600;\"><b>MZDOV\u00c9 AGENDY<\/b><\/span><\/p>\n<ul>\n<li>kompletn\u00ed zpracov\u00e1n\u00ed mezd<\/li>\n<li>p\u0159ihl\u00e1\u0161en\u00ed \/ odhl\u00e1\u0161en\u00ed zam\u011bstnanc\u016f na zdravotn\u00ed poji\u0161\u0165ovn\u011b a OSSZ<\/li>\n<li>m\u011bs\u00ed\u010dn\u00ed p\u0159ehledy pro zdravotn\u00ed poji\u0161\u0165ovny a OSSZ<\/li>\n<li>v\u00fdplatn\u00ed p\u00e1sky<\/li>\n<li>p\u0159\u00edprava p\u0159\u00edkazu k \u00fahrad\u011b (mzdy, da\u0148 z p\u0159\u00edjm\u016f, zdravotn\u00ed poji\u0161t\u011bn\u00ed, soci\u00e1ln\u00ed zabezpe\u010den\u00ed, z\u00e1konn\u00e9 poji\u0161t\u011bn\u00ed)<\/li>\n<li>ro\u010dn\u00ed z\u00fa\u010dtov\u00e1n\u00ed dan\u011b z p\u0159\u00edjm\u016f zam\u011bstnance<\/li>\n<li>ro\u010dn\u00ed vy\u00fa\u010dtov\u00e1n\u00ed dan\u011b z p\u0159\u00edjm\u016f fyzick\u00fdch osob a dan\u011b vyb\u00edran\u00e9 sr\u00e1\u017ekou<\/li>\n<li>eviden\u010dn\u00ed listy, mzdov\u00e9 listy, p\u0159\u00edprava podklad\u016f pro kontroly, zastupov\u00e1n\u00ed na \u00fa\u0159adech.<\/li>\n<\/ul>\n<\/td>\n<\/tr>\n<\/tbody>\n<\/table>\n<hr \/>\n<p>Pokud m\u00e1te z\u00e1jem o veden\u00ed Va\u0161\u00ed da\u0148ov\u00e9 evidence, nev\u00e1hejte a <span style=\"color: #0000ff;\"> <a style=\"color: #0000ff;\" href=\"http:\/\/www.goldbar.cz\/?page_id=63\" target=\"_blank\" rel=\"noopener noreferrer\">kontaktujte<\/a><\/span> n\u00e1s \ud83d\ude42<\/p>\n","protected":false},"excerpt":{"rendered":"<p>Spole\u010dnost Gold Bar s.r.o. nab\u00edz\u00ed extern\u00ed kompletn\u00ed zaji\u0161t\u011bn\u00ed da\u0148ov\u00e9 evidence, v z\u00e1konem stanoven\u00e9ho rozsahu, v\u010detn\u011b kompletn\u00ed mzdov\u00e9 agendy, ro\u010dn\u00ed z\u00e1v\u011brky a uz\u00e1v\u011brky a zpracov\u00e1n\u00ed v\u0161ech druh\u016f da\u0148ov\u00fdch p\u0159izn\u00e1n\u00ed. V p\u0159\u00edpad\u011b Va\u0161eho z\u00e1jmu V\u00e1s r\u00e1di nav\u0161t\u00edv\u00edme a navrhneme nejlep\u0161\u00ed mo\u017en\u00e9 \u0159e\u0161en\u00ed nejen pro samotnou da\u0148ovou evidenci, ale z\u00e1rove\u0148 pro celkov\u00e9 zefektivn\u011bn\u00ed \u2026<\/p>\n<p class=\"continue-reading-button\"> <a class=\"continue-reading-link\" href=\"https:\/\/www.goldbar.cz\/?page_id=142\">\u010dtete v\u00edce &#8230;<i class=\"crycon-right-dir\"><\/i><\/a><\/p>\n","protected":false},"author":2,"featured_media":0,"parent":0,"menu_order":0,"comment_status":"closed","ping_status":"closed","template":"","meta":{"footnotes":""},"class_list":["post-142","page","type-page","status-publish","hentry"],"_links":{"self":[{"href":"https:\/\/www.goldbar.cz\/index.php?rest_route=\/wp\/v2\/pages\/142","targetHints":{"allow":["GET"]}}],"collection":[{"href":"https:\/\/www.goldbar.cz\/index.php?rest_route=\/wp\/v2\/pages"}],"about":[{"href":"https:\/\/www.goldbar.cz\/index.php?rest_route=\/wp\/v2\/types\/page"}],"author":[{"embeddable":true,"href":"https:\/\/www.goldbar.cz\/index.php?rest_route=\/wp\/v2\/users\/2"}],"replies":[{"embeddable":true,"href":"https:\/\/www.goldbar.cz\/index.php?rest_route=%2Fwp%2Fv2%2Fcomments&post=142"}],"version-history":[{"count":20,"href":"https:\/\/www.goldbar.cz\/index.php?rest_route=\/wp\/v2\/pages\/142\/revisions"}],"predecessor-version":[{"id":369,"href":"https:\/\/www.goldbar.cz\/index.php?rest_route=\/wp\/v2\/pages\/142\/revisions\/369"}],"wp:attachment":[{"href":"https:\/\/www.goldbar.cz\/index.php?rest_route=%2Fwp%2Fv2%2Fmedia&parent=142"}],"curies":[{"name":"wp","href":"https:\/\/api.w.org\/{rel}","templated":true}]}}