{"id":34,"date":"2016-02-07T11:01:13","date_gmt":"2016-02-07T10:01:13","guid":{"rendered":"http:\/\/www.goldbar.cz\/?page_id=34"},"modified":"2016-02-08T09:14:14","modified_gmt":"2016-02-08T08:14:14","slug":"vyberova-rizeni","status":"publish","type":"page","link":"https:\/\/www.goldbar.cz\/?page_id=34","title":{"rendered":"V\u00ddB\u011aROV\u00c9 \u0158\u00cdZEN\u00cd"},"content":{"rendered":"<hr \/>\n<p>D\u00edky dlouholet\u00e9 praxi ve funkci starosty m\u011bsta a zku\u0161enostem v oblasti zad\u00e1v\u00e1n\u00ed ve\u0159ejn\u00fdch zak\u00e1zek si V\u00e1m dovoluji nab\u00eddnout kompletn\u00ed servis pro zpracov\u00e1n\u00ed ve\u0159ejn\u00fdch zak\u00e1zek pro va\u0161i obec nebo m\u011bsto. Jsme schopni pro V\u00e1s zajistit zad\u00e1vac\u00ed \u0159\u00edzen\u00ed v re\u017eimu z\u00e1kona o ve\u0159ejn\u00fdch zak\u00e1zk\u00e1ch i v re\u017eimu mimo n\u011bj bez ohledu na to, zda V\u00e1\u0161 projekt realizujete z vlastn\u00edho finan\u010dn\u00edch prost\u0159edk\u016f nebo v r\u00e1mci dota\u010dn\u00edho \u0159\u00edzen\u00ed u projekt\u016f podpo\u0159en\u00fdch z n\u00e1rodn\u00edch nebo evropsk\u00fdch zdroj\u016f.<\/p>\n<h5><span style=\"color: #ff6600;\"><strong>Zaji\u0161\u0165ujeme zad\u00e1vac\u00ed \u0159\u00edzen\u00ed u:<\/strong><\/span><\/h5>\n<ul>\n<li>ve\u0159ejn\u00fdch zak\u00e1zek na dod\u00e1vky;<\/li>\n<li>ve\u0159ejn\u00fdch zak\u00e1zek na stavebn\u00ed pr\u00e1ce;<\/li>\n<li>ve\u0159ejn\u00fdch zak\u00e1zek na slu\u017eby.<\/li>\n<\/ul>\n<h5><span style=\"color: #ff6600;\"><strong>Zaji\u0161\u0165ujeme zad\u00e1vac\u00ed \u0159\u00edzen\u00ed v rozsahu:<\/strong><\/span><\/h5>\n<ul>\n<li>zak\u00e1zky mal\u00e9ho rozsahu;<\/li>\n<li>zak\u00e1zky zjednodu\u0161en\u00e9ho podlimitn\u00edho \u0159\u00edzen\u00ed;<\/li>\n<li>zak\u00e1zky podlimitn\u00edho \u0159\u00edzen\u00ed.<\/li>\n<\/ul>\n<p>Vzhledem k tomu, \u017ee <strong>nejsme pl\u00e1tci DPH<\/strong>, tak V\u00e1m m\u016f\u017eeme nab\u00eddnout cenu, oproti v\u011bt\u0161in\u011b konkurence, <strong>bez 21% DPH<\/strong>.<\/p>\n<p>Nev\u00e1hejte n\u00e1s<span style=\"color: #0000ff;\"> <a style=\"color: #0000ff;\" href=\"http:\/\/www.goldbar.cz\/?page_id=63\" target=\"_blank\">kontaktovat<\/a><\/span>.<\/p>\n","protected":false},"excerpt":{"rendered":"<p>D\u00edky dlouholet\u00e9 praxi ve funkci starosty m\u011bsta a zku\u0161enostem v oblasti zad\u00e1v\u00e1n\u00ed ve\u0159ejn\u00fdch zak\u00e1zek si V\u00e1m dovoluji nab\u00eddnout kompletn\u00ed servis pro zpracov\u00e1n\u00ed ve\u0159ejn\u00fdch zak\u00e1zek pro va\u0161i obec nebo m\u011bsto. Jsme schopni pro V\u00e1s zajistit zad\u00e1vac\u00ed \u0159\u00edzen\u00ed v re\u017eimu z\u00e1kona o ve\u0159ejn\u00fdch zak\u00e1zk\u00e1ch i v re\u017eimu mimo n\u011bj bez ohledu na \u2026<\/p>\n<p class=\"continue-reading-button\"> <a class=\"continue-reading-link\" href=\"https:\/\/www.goldbar.cz\/?page_id=34\">\u010dtete v\u00edce &#8230;<i class=\"crycon-right-dir\"><\/i><\/a><\/p>\n","protected":false},"author":2,"featured_media":0,"parent":0,"menu_order":0,"comment_status":"closed","ping_status":"closed","template":"","meta":{"footnotes":""},"class_list":["post-34","page","type-page","status-publish","hentry"],"_links":{"self":[{"href":"https:\/\/www.goldbar.cz\/index.php?rest_route=\/wp\/v2\/pages\/34","targetHints":{"allow":["GET"]}}],"collection":[{"href":"https:\/\/www.goldbar.cz\/index.php?rest_route=\/wp\/v2\/pages"}],"about":[{"href":"https:\/\/www.goldbar.cz\/index.php?rest_route=\/wp\/v2\/types\/page"}],"author":[{"embeddable":true,"href":"https:\/\/www.goldbar.cz\/index.php?rest_route=\/wp\/v2\/users\/2"}],"replies":[{"embeddable":true,"href":"https:\/\/www.goldbar.cz\/index.php?rest_route=%2Fwp%2Fv2%2Fcomments&post=34"}],"version-history":[{"count":9,"href":"https:\/\/www.goldbar.cz\/index.php?rest_route=\/wp\/v2\/pages\/34\/revisions"}],"predecessor-version":[{"id":124,"href":"https:\/\/www.goldbar.cz\/index.php?rest_route=\/wp\/v2\/pages\/34\/revisions\/124"}],"wp:attachment":[{"href":"https:\/\/www.goldbar.cz\/index.php?rest_route=%2Fwp%2Fv2%2Fmedia&parent=34"}],"curies":[{"name":"wp","href":"https:\/\/api.w.org\/{rel}","templated":true}]}}