{"id":88,"date":"2016-02-08T07:42:58","date_gmt":"2016-02-08T06:42:58","guid":{"rendered":"http:\/\/www.goldbar.cz\/?page_id=88"},"modified":"2016-02-18T08:04:48","modified_gmt":"2016-02-18T07:04:48","slug":"vedeni-ucetnictvi-pro-firmy-neplatce-dph","status":"publish","type":"page","link":"https:\/\/www.goldbar.cz\/?page_id=88","title":{"rendered":"CEN\u00cdK \u00da\u010cETNICTV\u00cd (pro firmy) &#8211; nepl\u00e1tce DPH"},"content":{"rendered":"<hr \/>\n<p><center><\/p>\n<h4>Prohl\u00e9dn\u011bte si nab\u00eddku na\u0161ich bal\u00ed\u010dk\u016f slu\u017eeb.<br \/>\nCeny bal\u00ed\u010dk\u016f jsou z\u00e1kladn\u00ed, je mo\u017eno se dohodnout na individu\u00e1ln\u00ed cen\u011b.<\/h4>\n<p>(spole\u010dnost Gold Bar s.r.o. nen\u00ed pl\u00e1tcem DPH)<br \/>\n<\/center><\/p>\n<table>\n<tbody>\n<tr>\n<td align=\"right\">\n<a href=\"http:\/\/www.goldbar.cz\/wp-content\/uploads\/2016\/02\/Gold-Bar-cenik-vedeni-ucetnictvi-pro-neplatce-DPH.pdf\" target=\"_blank\">pdf pro tisk<\/a>\n<\/td>\n<\/tr>\n<\/tbody>\n<\/table>\n<table>\n<tbody>\n<tr>\n<td bgcolor=\"#ff6600\" colspan=\"5\" align=\"center\">\n<h2>\u00da\u010cETN\u00cd M\u011aS\u00cd\u010cN\u00cd BAL\u00cd\u010cKY<\/h2>\n<\/td>\n<\/tr>\n<\/tbody>\n<\/table>\n<table>\n<tbody>\n<tr>\n<td background=\"http:\/\/www.goldbar.cz\/wp-content\/uploads\/2016\/02\/GBweb-pozadi-350.jpg\" valign=\"bottom\" width=\"32%\"><b>SLU\u017dBY OBSA\u017dEN\u00c9 V M\u011aS\u00cd\u010cN\u00cdM PAU\u0160\u00c1LU<\/b><\/td>\n<td align=\"center\" bgcolor=\"#ffe8ab\" width=\"17%\">\n<h3>BAL\u00cd\u010cEK<br \/>\nS<\/h3>\n<\/td>\n<td align=\"center\" bgcolor=\"#ffffab\" width=\"17%\">\n<h3>BAL\u00cd\u010cEK<br \/>\nM<\/h3>\n<\/td>\n<td align=\"center\" bgcolor=\"#c4ffab\" width=\"17%\">\n<h3>BAL\u00cd\u010cEK<br \/>\nL<\/h3>\n<\/td>\n<td align=\"center\" bgcolor=\"#abc4ff\" width=\"17%\">\n<h3>BAL\u00cd\u010cEK<br \/>\nXL<\/h3>\n<\/td>\n<\/tr>\n<\/tbody>\n<\/table>\n<table>\n<tbody>\n<tr>\n<td background=\"http:\/\/www.goldbar.cz\/wp-content\/uploads\/2016\/02\/GBweb-pozadi-350.jpg\" width=\"32%\">PO\u010cET \u0158\u00c1DK\u016e V \u00da\u010cETN\u00cdM DEN\u00cdKU<\/td>\n<td align=\"center\" bgcolor=\"#ffe8ab\" width=\"17%\">20<\/td>\n<td align=\"center\" bgcolor=\"#ffffab\" width=\"17%\">60<\/td>\n<td align=\"center\" bgcolor=\"#c4ffab\" width=\"17%\">300<\/td>\n<td align=\"center\" bgcolor=\"#abc4ff\" width=\"17%\">300+<\/td>\n<\/tr>\n<\/tbody>\n<\/table>\n<table>\n<tbody>\n<tr>\n<td background=\"http:\/\/www.goldbar.cz\/wp-content\/uploads\/2016\/02\/GBweb-pozadi-350.jpg\" width=\"32%\">ZPRACOV\u00c1N\u00cd MEZD<\/td>\n<td align=\"center\" bgcolor=\"#ffe8ab\" width=\"17%\">0<\/td>\n<td align=\"center\" bgcolor=\"#ffffab\" width=\"17%\">1 osoba<\/td>\n<td align=\"center\" bgcolor=\"#c4ffab\" width=\"17%\">3 osoby<\/td>\n<td align=\"center\" bgcolor=\"#abc4ff\" width=\"17%\">dle dohody<\/td>\n<\/tr>\n<\/tbody>\n<\/table>\n<table>\n<tbody>\n<tr>\n<td background=\"http:\/\/www.goldbar.cz\/wp-content\/uploads\/2016\/02\/GBweb-pozadi-350.jpg\" width=\"32%\">VYSTAVEN\u00cd FAKTUR ZA KLIENTA<\/td>\n<td align=\"center\" bgcolor=\"#ffe8ab\" width=\"17%\">5<\/td>\n<td align=\"center\" bgcolor=\"#ffffab\" width=\"17%\">10<\/td>\n<td align=\"center\" bgcolor=\"#c4ffab\" width=\"17%\">20<\/td>\n<td align=\"center\" bgcolor=\"#abc4ff\" width=\"17%\">dle dohody<\/td>\n<\/tr>\n<\/tbody>\n<\/table>\n<table>\n<tbody>\n<tr>\n<td background=\"http:\/\/www.goldbar.cz\/wp-content\/uploads\/2016\/02\/GBweb-pozadi-350.jpg\" width=\"32%\">T\u0158\u00cdD\u011aN\u00cd A \u00daSCHOVA DOKLAD\u016e B\u011aHEM ROKU<\/td>\n<td align=\"center\" bgcolor=\"#ffe8ab\" width=\"17%\">ano<\/td>\n<td align=\"center\" bgcolor=\"#ffffab\" width=\"17%\">ano<\/td>\n<td align=\"center\" bgcolor=\"#c4ffab\" width=\"17%\">ano<\/td>\n<td align=\"center\" bgcolor=\"#abc4ff\" width=\"17%\">ano<\/td>\n<\/tr>\n<\/tbody>\n<\/table>\n<table>\n<tbody>\n<tr>\n<td background=\"http:\/\/www.goldbar.cz\/wp-content\/uploads\/2016\/02\/GBweb-pozadi-350.jpg\" width=\"32%\">SPR\u00c1VA DATOV\u00c9 SCHR\u00c1NKY<\/td>\n<td align=\"center\" bgcolor=\"#ffe8ab\" width=\"17%\">ne<\/td>\n<td align=\"center\" bgcolor=\"#ffffab\" width=\"17%\">ano<\/td>\n<td align=\"center\" bgcolor=\"#c4ffab\" width=\"17%\">ano<\/td>\n<td align=\"center\" bgcolor=\"#abc4ff\" width=\"17%\">ano<\/td>\n<\/tr>\n<\/tbody>\n<\/table>\n<table>\n<tbody>\n<tr>\n<td background=\"http:\/\/www.goldbar.cz\/wp-content\/uploads\/2016\/02\/GBweb-pozadi-350.jpg\" width=\"32%\">MANA\u017dERSK\u00c9 PODKLADY<\/td>\n<td align=\"center\" bgcolor=\"#ffe8ab\" width=\"17%\">ne<\/td>\n<td align=\"center\" bgcolor=\"#ffffab\" width=\"17%\">ano<\/td>\n<td align=\"center\" bgcolor=\"#c4ffab\" width=\"17%\">ano<\/td>\n<td align=\"center\" bgcolor=\"#abc4ff\" width=\"17%\">ano<\/td>\n<\/tr>\n<\/tbody>\n<\/table>\n<table>\n<tbody>\n<tr>\n<td background=\"http:\/\/www.goldbar.cz\/wp-content\/uploads\/2016\/02\/GBweb-pozadi-350.jpg\" width=\"32%\">ZA\u00da\u010cTOV\u00c1N\u00cd BANKOVN\u00cd OPERACE<\/td>\n<td align=\"center\" bgcolor=\"#ffe8ab\" width=\"17%\">4<\/td>\n<td align=\"center\" bgcolor=\"#ffffab\" width=\"17%\">4<\/td>\n<td align=\"center\" bgcolor=\"#c4ffab\" width=\"17%\">4<\/td>\n<td align=\"center\" bgcolor=\"#abc4ff\" width=\"17%\">4<\/td>\n<\/tr>\n<\/tbody>\n<\/table>\n<table>\n<tbody>\n<tr>\n<td background=\"http:\/\/www.goldbar.cz\/wp-content\/uploads\/2016\/02\/GBweb-pozadi-350.jpg\" width=\"32%\">CENA ZA \u0158\u00c1DEK V \u00da\u010cETN\u00cdM DEN\u00cdKU<br \/>\nNAD PAU\u0160\u00c1L<\/td>\n<td align=\"center\" bgcolor=\"#ffe8ab\" width=\"17%\">20,- K\u010d\/\u0159\u00e1dek<\/td>\n<td align=\"center\" bgcolor=\"#ffffab\" width=\"17%\">16,- K\u010d\/\u0159\u00e1dek<\/td>\n<td align=\"center\" bgcolor=\"#c4ffab\" width=\"17%\">12,- K\u010d\/\u0159\u00e1dek<\/td>\n<td align=\"center\" bgcolor=\"#abc4ff\" width=\"17%\">8 &#8211; 11,- K\u010d\/\u0159\u00e1dek<\/td>\n<\/tr>\n<\/tbody>\n<\/table>\n<table>\n<tbody>\n<tr>\n<td background=\"http:\/\/www.goldbar.cz\/wp-content\/uploads\/2016\/02\/GBweb-pozadi-350.jpg\" width=\"32%\">VYSTAVEN\u00cd FAKTUR ZA KLIENTA<br \/>\nNAD PAU\u0160\u00c1L<\/td>\n<td align=\"center\" bgcolor=\"#ffe8ab\" width=\"17%\">30,- K\u010d\/fakturu<\/td>\n<td align=\"center\" bgcolor=\"#ffffab\" width=\"17%\">30,- K\u010d\/fakturu<\/td>\n<td align=\"center\" bgcolor=\"#c4ffab\" width=\"17%\">30,- K\u010d\/fakturu<\/td>\n<td align=\"center\" bgcolor=\"#abc4ff\" width=\"17%\">30,- K\u010d\/fakturu<\/td>\n<\/tr>\n<\/tbody>\n<\/table>\n<table>\n<tbody>\n<tr>\n<td background=\"http:\/\/www.goldbar.cz\/wp-content\/uploads\/2016\/02\/GBweb-pozadi-350.jpg\" width=\"32%\">HODNOTA BAL\u00cd\u010cKU<\/td>\n<td align=\"center\" bgcolor=\"#ffe8ab\" width=\"17%\">650,- K\u010d<\/td>\n<td align=\"center\" bgcolor=\"#ffffab\" width=\"17%\">1780,- K\u010d<\/td>\n<td align=\"center\" bgcolor=\"#c4ffab\" width=\"17%\">5800,- K\u010d<\/td>\n<td align=\"center\" bgcolor=\"#abc4ff\" width=\"17%\">dle dohody<\/td>\n<\/tr>\n<\/tbody>\n<\/table>\n<table>\n<tbody>\n<tr>\n<td background=\"http:\/\/www.goldbar.cz\/wp-content\/uploads\/2016\/02\/GBweb-pozadi-350.jpg\" valign=\"middle\" width=\"32%\">\n<h4>CENA BAL\u00cd\u010cKU<\/h4>\n<p>(za 1 m\u011bs\u00edc)<\/td>\n<td align=\"center\" bgcolor=\"#ffe8ab\" width=\"17%\">\n<h3>490,- K\u010d<\/h3>\n<\/td>\n<td align=\"center\" bgcolor=\"#ffffab\" width=\"17%\">\n<h3>1490,- K\u010d<\/h3>\n<\/td>\n<td align=\"center\" bgcolor=\"#c4ffab\" width=\"17%\">\n<h3>4990,- K\u010d<\/h3>\n<\/td>\n<td align=\"center\" valign=\"middle\" bgcolor=\"#abc4ff\" width=\"17%\">\n<h4>dle dohody<\/h4>\n<\/td>\n<\/tr>\n<\/tbody>\n<\/table>\n<p><i>Pozn.: V cen\u011b \u00fa\u010detn\u00edho \u0159\u00e1dku je zahrnuta i inventarizace a \u00fa\u010detn\u00ed uz\u00e1v\u011brky. V cen\u011b nen\u00ed zahrnuta ro\u010dn\u00ed \u00fa\u010detn\u00ed z\u00e1v\u011brka.<\/i><\/p>\n<hr \/>\n<table>\n<tbody>\n<tr>\n<td bgcolor=\"#ff6600\" colspan=\"5\" align=\"center\">\n<h2>MZDOV\u00c1 AGENDA<\/h2>\n<\/td>\n<\/tr>\n<\/tbody>\n<\/table>\n<table background=\"http:\/\/www.goldbar.cz\/wp-content\/uploads\/2016\/02\/GBweb-pozadi-1150.jpg\">\n<tbody>\n<tr>\n<td width=\"32%\">PO\u010cET ZAM\u011aSTNANC\u016e ZA M\u011aS\u00cdC<\/td>\n<td align=\"center\" width=\"34%\">CENA ZA ZAM\u011aSTNANCE &#8211; HPP, DP\u010c<\/td>\n<td align=\"center\" width=\"34%\">CENA ZA ZAM\u011aSTNANCE &#8211; DPP<\/td>\n<\/tr>\n<tr>\n<td width=\"32%\">1 &#8211; 10<\/td>\n<td align=\"center\" width=\"34%\">250,- K\u010d<\/td>\n<td align=\"center\" width=\"34%\">125,- K\u010d<\/td>\n<\/tr>\n<tr>\n<td width=\"32%\">11 &#8211; 25<\/td>\n<td align=\"center\" width=\"34%\">200,- K\u010d<\/td>\n<td align=\"center\" width=\"34%\">100,- K\u010d<\/td>\n<\/tr>\n<tr>\n<td width=\"32%\">26 &#8211; 50<\/td>\n<td align=\"center\" width=\"34%\">170,- K\u010d<\/td>\n<td align=\"center\" width=\"34%\">100,- K\u010d<\/td>\n<\/tr>\n<tr>\n<td width=\"32%\">50+<\/td>\n<td align=\"center\" width=\"34%\">150,- K\u010d<\/td>\n<td align=\"center\" width=\"34%\">100,- K\u010d<\/td>\n<\/tr>\n<\/tbody>\n<\/table>\n<table background=\"http:\/\/www.goldbar.cz\/wp-content\/uploads\/2016\/02\/GBweb-pozadi-1150.jpg\">\n<tbody>\n<tr>\n<td width=\"32%\">N\u00c1STUP DO ZAM\u011aSTN\u00c1N\u00cd<\/td>\n<td align=\"center\" width=\"34%\">100,- K\u010d<\/td>\n<td align=\"center\" width=\"34%\">100,- K\u010d<\/td>\n<\/tr>\n<tr>\n<td width=\"32%\">UKON\u010cEN\u00cd ZAM\u011aSTN\u00c1N\u00cd<\/td>\n<td align=\"center\" width=\"34%\">150,- K\u010d<\/td>\n<td align=\"center\" width=\"34%\">100,- K\u010d<\/td>\n<\/tr>\n<\/tbody>\n<\/table>\n<table background=\"http:\/\/www.goldbar.cz\/wp-content\/uploads\/2016\/02\/GBweb-pozadi-1150.jpg\">\n<tbody>\n<tr>\n<td width=\"32%\">ZAM\u011aSTNANEC NA MATE\u0158SK\u00c9<BR>\u010cI RODI\u010cOVSK\u00c9 DOVOLEN\u00c9<\/td>\n<td align=\"center\" width=\"34%\">&#8211; 50%<\/td>\n<td align=\"center\" width=\"34%\"><\/td>\n<\/tr>\n<tr>\n<td width=\"32%\">ZASTUPOV\u00c1N\u00cd NA \u00da\u0158ADECH<\/td>\n<td align=\"center\" width=\"34%\">500,- K\u010d \/ hod.<\/td>\n<td align=\"center\" width=\"34%\"><\/td>\n<\/tr>\n<\/tbody>\n<\/table>\n<p><b>V cen\u011b za zam\u011bstnance je zahrnuto zpracov\u00e1n\u00ed:<\/b><\/p>\n<ul>\n<li>v\u0161ech povinn\u00fdch v\u00fdkaz\u016f pro zpr\u00e1vu soci\u00e1ln\u00edho zabezpe\u010den\u00ed a zdravotn\u00ed poji\u0161\u0165ovny, <\/li>\n<li>ro\u010dn\u00ed z\u00fa\u010dtov\u00e1n\u00ed dan\u00ed nebo <\/li>\n<li>vystaven\u00ed potvrzen\u00ed o zdaniteln\u00fdch p\u0159\u00edjmech ze z\u00e1visl\u00e9 \u010dinnosti, <\/li>\n<li>vystaven\u00ed z\u00e1po\u010dtov\u00e9ho listu <\/li>\n<li>vystaven\u00ed ELDZ<\/li>\n<li>ro\u010dn\u00ed vy\u00fa\u010dtov\u00e1n\u00ed dan\u011b z p\u0159\u00edjm\u016f ze z\u00e1visl\u00e9 \u010dinnosti<\/li>\n<li>ro\u010dn\u00ed vy\u00fa\u010dtov\u00e1n\u00ed dan\u011b vyb\u00edran\u00e9 sr\u00e1\u017ekou podle zvl\u00e1\u0161tn\u00ed sazby dan\u011b z p\u0159\u00edjm\u016f fyzick\u00fdch osob<\/li>\n<\/ul>\n<hr \/>\n<table>\n<tbody>\n<tr>\n<td bgcolor=\"#ff6600\" colspan=\"5\" align=\"center\">\n<h2>DA\u0147OV\u00c1 AGENDA<\/h2>\n<\/td>\n<\/tr>\n<\/tbody>\n<\/table>\n<table background=\"http:\/\/www.goldbar.cz\/wp-content\/uploads\/2016\/02\/GBweb-pozadi-1150.jpg\">\n<tbody>\n<tr>\n<td width=\"32%\"><\/td>\n<td align=\"center\" width=\"34%\"><B>CENA<\/B><\/td>\n<td align=\"center\" width=\"34%\"><\/td>\n<\/tr>\n<tr>\n<td width=\"32%\">RO\u010cN\u00cd \u00da\u010cETN\u00cd Z\u00c1V\u011aRKA<\/td>\n<td align=\"center\" width=\"34%\">1 M\u011aS\u00cd\u010cN\u00cd PAU\u0160\u00c1L<\/td>\n<td align=\"center\" width=\"34%\"><\/td>\n<\/tr>\n<tr>\n<td width=\"32%\">P\u0158IZN\u00c1N\u00cd K DANI Z P\u0158\u00cdJM\u016e FO<\/td>\n<td align=\"center\" width=\"34%\">500 &#8211; 3000,- K\u010d\/ks<\/td>\n<td align=\"center\" width=\"34%\"><\/td>\n<\/tr>\n<tr>\n<td width=\"32%\">P\u0158IZN\u00c1N\u00cd K DANI Z P\u0158\u00cdJM\u016e PO<\/td>\n<td align=\"center\" width=\"34%\">2000 &#8211; 5000,- K\u010d\/ks<\/td>\n<td align=\"center\" width=\"34%\"><\/td>\n<\/tr>\n<tr>\n<td width=\"32%\">RO\u010cN\u00cd VY\u00da\u010cTOV\u00c1N\u00cd DAN\u011a ZE Z\u00c1VISL\u00c9 \u010cINNOSTI ORGANIZACE<\/td>\n<td align=\"center\" width=\"34%\">500,- K\u010d\/ks<\/td>\n<td align=\"center\" width=\"34%\"><\/td>\n<\/tr>\n<tr>\n<td width=\"32%\">RO\u010cN\u00cd VY\u00da\u010cTOV\u00c1N\u00cd DAN\u011a VYB\u00cdRAN\u00c9 SR\u00c1\u017dKOU PODLE ZVL\u00c1\u0160TN\u00cd SAZBY DAN\u011a Z P\u0158\u00cdJM\u016e FO<\/td>\n<td align=\"center\" width=\"34%\">500,- K\u010d\/ks<\/td>\n<td align=\"center\" width=\"34%\"><\/td>\n<\/tr>\n<\/tbody>\n<\/table>\n<table background=\"http:\/\/www.goldbar.cz\/wp-content\/uploads\/2016\/02\/GBweb-pozadi-1150.jpg\">\n<tbody>\n<tr>\n<td width=\"32%\">P\u0158IZN\u00c1N\u00cd K SILNI\u010cN\u00cd DANI<\/td>\n<td align=\"center\" width=\"34%\">250,- K\u010d\/vozidlo (min. 500,-K\u010d)<\/td>\n<td align=\"center\" width=\"34%\"><\/td>\n<\/tr>\n<tr>\n<td width=\"32%\">P\u0158IZN\u00c1N\u00cd K DANI Z NEMOVITOST\u00cd<\/td>\n<td align=\"center\" width=\"34%\">od 300,- K\u010d\/ks, dle rozsahu<\/td>\n<td align=\"center\" width=\"34%\"><\/td>\n<\/tr>\n<\/tbody>\n<\/table>\n<table background=\"http:\/\/www.goldbar.cz\/wp-content\/uploads\/2016\/02\/GBweb-pozadi-1150.jpg\">\n<tbody>\n<tr>\n<td width=\"32%\">ZASTUPOV\u00c1N\u00cd NA \u00da\u0158ADECH<\/td>\n<td align=\"center\" width=\"34%\">500,- K\u010d \/ hod.<\/td>\n<td align=\"center\" width=\"34%\"><\/td>\n<\/tr>\n<\/tbody>\n<\/table>\n<hr \/>\n<table>\n<tbody>\n<tr>\n<td bgcolor=\"#ff6600\" colspan=\"5\" align=\"center\">\n<h2>OSTATN\u00cd<\/h2>\n<\/td>\n<\/tr>\n<\/tbody>\n<\/table>\n<table background=\"http:\/\/www.goldbar.cz\/wp-content\/uploads\/2016\/02\/GBweb-pozadi-1150.jpg\">\n<tbody>\n<tr>\n<td width=\"32%\"><\/td>\n<td align=\"center\" width=\"34%\"><B>CENA<\/B><\/td>\n<td align=\"center\" width=\"34%\"><\/td>\n<\/tr>\n<tr>\n<td width=\"32%\">ZPRACOV\u00c1N\u00cd INTRASTATU<\/td>\n<td align=\"center\" width=\"34%\">dle dohody<\/td>\n<td align=\"center\" width=\"34%\"><\/td>\n<\/tr>\n<tr>\n<td width=\"32%\">CESTOVN\u00cd P\u0158\u00cdKAZY<\/td>\n<td align=\"center\" width=\"34%\">50,- K\u010d\/ks<\/td>\n<td align=\"center\" width=\"34%\"><\/td>\n<\/tr>\n<tr>\n<td width=\"32%\">MANA\u017dERSK\u00c9 PODKLADY<\/td>\n<td align=\"center\" width=\"34%\">500,- K\u010d\/hod.<\/td>\n<td align=\"center\" width=\"34%\"><\/td>\n<\/tr>\n<tr>\n<td width=\"32%\">VEDEN\u00cd \u00da\u010cETNICTV\u00cd S KALKULAC\u00cd NA ZAK\u00c1ZKY A ST\u0158EDISKA<\/td>\n<td align=\"center\" width=\"34%\">+ 30%<\/td>\n<td align=\"center\" width=\"34%\"><\/td>\n<\/tr>\n<tr>\n<td width=\"32%\">EXPRESN\u00cd ZPRACOV\u00c1N\u00cd DOKLAD\u016e<\/td>\n<td align=\"center\" width=\"34%\">+ 100%<\/td>\n<td align=\"center\" width=\"34%\"><\/td>\n<\/tr>\n<\/tbody>\n<\/table>\n<table>\n<tbody>\n<tr>\n<td align=\"right\">\n<a href=\"http:\/\/www.goldbar.cz\/wp-content\/uploads\/2016\/02\/Gold-Bar-cenik-vedeni-ucetnictvi-pro-neplatce-DPH.pdf\" target=\"_blank\">pdf pro tisk<\/a>\n<\/td>\n<\/tr>\n<\/tbody>\n<\/table>\n<p><HR><\/p>\n","protected":false},"excerpt":{"rendered":"<p>Prohl\u00e9dn\u011bte si nab\u00eddku na\u0161ich bal\u00ed\u010dk\u016f slu\u017eeb. Ceny bal\u00ed\u010dk\u016f jsou z\u00e1kladn\u00ed, je mo\u017eno se dohodnout na individu\u00e1ln\u00ed cen\u011b. (spole\u010dnost Gold Bar s.r.o. nen\u00ed pl\u00e1tcem DPH) pdf pro tisk \u00da\u010cETN\u00cd M\u011aS\u00cd\u010cN\u00cd BAL\u00cd\u010cKY SLU\u017dBY OBSA\u017dEN\u00c9 V M\u011aS\u00cd\u010cN\u00cdM PAU\u0160\u00c1LU BAL\u00cd\u010cEK S BAL\u00cd\u010cEK M BAL\u00cd\u010cEK L BAL\u00cd\u010cEK XL PO\u010cET \u0158\u00c1DK\u016e V \u00da\u010cETN\u00cdM DEN\u00cdKU 20 60 \u2026<\/p>\n<p class=\"continue-reading-button\"> <a class=\"continue-reading-link\" href=\"https:\/\/www.goldbar.cz\/?page_id=88\">\u010dtete v\u00edce &#8230;<i class=\"crycon-right-dir\"><\/i><\/a><\/p>\n","protected":false},"author":2,"featured_media":0,"parent":30,"menu_order":0,"comment_status":"closed","ping_status":"closed","template":"","meta":{"footnotes":""},"class_list":["post-88","page","type-page","status-publish","hentry"],"_links":{"self":[{"href":"https:\/\/www.goldbar.cz\/index.php?rest_route=\/wp\/v2\/pages\/88","targetHints":{"allow":["GET"]}}],"collection":[{"href":"https:\/\/www.goldbar.cz\/index.php?rest_route=\/wp\/v2\/pages"}],"about":[{"href":"https:\/\/www.goldbar.cz\/index.php?rest_route=\/wp\/v2\/types\/page"}],"author":[{"embeddable":true,"href":"https:\/\/www.goldbar.cz\/index.php?rest_route=\/wp\/v2\/users\/2"}],"replies":[{"embeddable":true,"href":"https:\/\/www.goldbar.cz\/index.php?rest_route=%2Fwp%2Fv2%2Fcomments&post=88"}],"version-history":[{"count":14,"href":"https:\/\/www.goldbar.cz\/index.php?rest_route=\/wp\/v2\/pages\/88\/revisions"}],"predecessor-version":[{"id":361,"href":"https:\/\/www.goldbar.cz\/index.php?rest_route=\/wp\/v2\/pages\/88\/revisions\/361"}],"up":[{"embeddable":true,"href":"https:\/\/www.goldbar.cz\/index.php?rest_route=\/wp\/v2\/pages\/30"}],"wp:attachment":[{"href":"https:\/\/www.goldbar.cz\/index.php?rest_route=%2Fwp%2Fv2%2Fmedia&parent=88"}],"curies":[{"name":"wp","href":"https:\/\/api.w.org\/{rel}","templated":true}]}}