{"id":97,"date":"2016-02-08T07:45:09","date_gmt":"2016-02-08T06:45:09","guid":{"rendered":"http:\/\/www.goldbar.cz\/?page_id=97"},"modified":"2020-11-16T08:39:57","modified_gmt":"2020-11-16T07:39:57","slug":"danova-priznani-pro-obcany","status":"publish","type":"page","link":"https:\/\/www.goldbar.cz\/?page_id=97","title":{"rendered":"DAN\u011a PRO OB\u010cANY"},"content":{"rendered":"<hr \/>\n<p>Dan\u011b jsou jako smrt, \u010dlov\u011bk jim neunikne &#8230; a tak jako ka\u017ed\u00fd rok s bl\u00ed\u017e\u00edc\u00edm se koncem b\u0159ezna nast\u00e1v\u00e1 okam\u017eik pod\u00e1n\u00ed <span style=\"color: #ff6600;\"><strong>da\u0148ov\u00e9ho p\u0159izn\u00e1n\u00ed k dani z p\u0159\u00edjm\u016f fyzick\u00fdch osob<\/strong><\/span>.<\/p>\n<p>Pokud jste v minul\u00e9m roce nabyli n\u011bjak\u00fd nemovit\u00fd majetek &#8211; rodinn\u00fd d\u016fm, byt zapsan\u00fd v katastru \u010di pozemek, pak je Va\u0161\u00ed povinnost\u00ed podat <span style=\"color: #ff6600;\"><strong>da\u0148ov\u00e9 p\u0159izn\u00e1n\u00ed k dani z nemovitosti<\/strong><\/span>,<\/p>\n<hr \/>\n<p>Pokud m\u00e1te z\u00e1jem o veden\u00ed Va\u0161\u00ed da\u0148ov\u00e9 evidence, nev\u00e1hejte a <span style=\"color: #0000ff;\"> <a style=\"color: #0000ff;\" href=\"http:\/\/www.goldbar.cz\/?page_id=63\" target=\"_blank\" rel=\"noopener noreferrer\">kontaktujte<\/a><\/span> n\u00e1s \ud83d\ude42<\/p>\n","protected":false},"excerpt":{"rendered":"<p>Dan\u011b jsou jako smrt, \u010dlov\u011bk jim neunikne &#8230; a tak jako ka\u017ed\u00fd rok s bl\u00ed\u017e\u00edc\u00edm se koncem b\u0159ezna nast\u00e1v\u00e1 okam\u017eik pod\u00e1n\u00ed da\u0148ov\u00e9ho p\u0159izn\u00e1n\u00ed k dani z p\u0159\u00edjm\u016f fyzick\u00fdch osob. Pokud jste v minul\u00e9m roce nabyli n\u011bjak\u00fd nemovit\u00fd majetek &#8211; rodinn\u00fd d\u016fm, byt zapsan\u00fd v katastru \u010di pozemek, pak je Va\u0161\u00ed \u2026<\/p>\n<p class=\"continue-reading-button\"> <a class=\"continue-reading-link\" href=\"https:\/\/www.goldbar.cz\/?page_id=97\">\u010dtete v\u00edce &#8230;<i class=\"crycon-right-dir\"><\/i><\/a><\/p>\n","protected":false},"author":2,"featured_media":0,"parent":0,"menu_order":0,"comment_status":"closed","ping_status":"closed","template":"","meta":{"footnotes":""},"class_list":["post-97","page","type-page","status-publish","hentry"],"_links":{"self":[{"href":"https:\/\/www.goldbar.cz\/index.php?rest_route=\/wp\/v2\/pages\/97","targetHints":{"allow":["GET"]}}],"collection":[{"href":"https:\/\/www.goldbar.cz\/index.php?rest_route=\/wp\/v2\/pages"}],"about":[{"href":"https:\/\/www.goldbar.cz\/index.php?rest_route=\/wp\/v2\/types\/page"}],"author":[{"embeddable":true,"href":"https:\/\/www.goldbar.cz\/index.php?rest_route=\/wp\/v2\/users\/2"}],"replies":[{"embeddable":true,"href":"https:\/\/www.goldbar.cz\/index.php?rest_route=%2Fwp%2Fv2%2Fcomments&post=97"}],"version-history":[{"count":11,"href":"https:\/\/www.goldbar.cz\/index.php?rest_route=\/wp\/v2\/pages\/97\/revisions"}],"predecessor-version":[{"id":367,"href":"https:\/\/www.goldbar.cz\/index.php?rest_route=\/wp\/v2\/pages\/97\/revisions\/367"}],"wp:attachment":[{"href":"https:\/\/www.goldbar.cz\/index.php?rest_route=%2Fwp%2Fv2%2Fmedia&parent=97"}],"curies":[{"name":"wp","href":"https:\/\/api.w.org\/{rel}","templated":true}]}}